{"id":73,"date":"2016-06-14T06:15:58","date_gmt":"2016-06-14T06:15:58","guid":{"rendered":"http:\/\/sw-themes.com\/porto_dummy\/?page_id=73"},"modified":"2026-04-09T09:51:11","modified_gmt":"2026-04-09T06:51:11","slug":"iletisim","status":"publish","type":"page","link":"https:\/\/meysundonmez.com\/ar\/iletisim\/","title":{"rendered":"\u0627\u0644\u062a\u0648\u0627\u0635\u0644"},"content":{"rendered":"<div data-vc-full-width=\"true\"   data-vc-full-width-init=\"false\"  data-vc-stretch-content=\"true\"  class=\"vc_row wpb_row row vc_row-no-padding\"><div class=\"vc_column_container col-md-12\"><div class=\"wpb_wrapper vc_column-inner\">\n\t<div class=\"wpb_raw_code wpb_content_element wpb_raw_html\" >\n\t\t<div class=\"wpb_wrapper\">\n\t\t\t<iframe src=\"https:\/\/www.google.com\/maps\/embed?pb=!1m14!1m8!1m3!1d3196.5407591265825!2d34.54152687173494!3d36.757592868471015!3m2!1i1024!2i768!4f13.1!3m3!1m2!1s0x0%3A0x3faf7ae199141c36!2sUzm.%20Dr.%20Meysun%20D%C3%B6nmez!5e0!3m2!1str!2str!4v1618495551060!5m2!1str!2str\"   width=\"100%\"   height=\"400\"   style=\"border:0;\"   allowfullscreen=\"\" loading=\"lazy\"><\/iframe>\n\t\t<\/div>\n\t<\/div>\n<\/div><\/div><\/div><div class=\"vc_row-full-width vc_clearfix\"><\/div><div class=\"vc_row wpb_row m-b-xl porto-inner-container\"><div class=\"porto-wrap-container container\"><div class=\"row\"><div class=\"vc_column_container col-md-6\"><div class=\"wpb_wrapper vc_column-inner\"><div class=\"porto-u-heading\"   data-hspacer=\"line_only\"   data-halign=\"right\"   style=\"text-align:right\"><div class=\"porto-u-main-heading\"><h2 style=\"\"  class=\" translation-block\">\u0627\u062d\u062c\u0632 \u0645\u0648\u0639\u062f<\/h2><\/div><div class=\"porto-u-sub-heading\"   style=\"\">\u064a\u0645\u0643\u0646\u0643\u0645 \u0625\u0631\u0633\u0627\u0644 \u0637\u0644\u0628 \u0645\u0648\u0639\u062f\u0643 \u0639\u0646 \u0637\u0631\u064a\u0642 \u0645\u0644\u0621 \u0627\u0644\u0646\u0645\u0648\u0630\u062c \u0623\u062f\u0646\u0627\u0647 \u0628\u0627\u0644\u0643\u0627\u0645\u0644<\/div><div class=\"porto-u-heading-spacer line_only\"   style=\"height:1px;\"><span class=\"porto-u-headings-line\"   style=\"border-style:solid;border-bottom-width:1px;border-color:#ccc;width:auto;margin-left: 0\"><\/span><\/div><\/div><div role=\"form\"   class=\"wpcf7\"   id=\"wpcf7-f5-o1\"   lang=\"tr-TR\"   dir=\"ltr\">\n<div class=\"screen-reader-response\"><p role=\"status\"   aria-live=\"polite\"   aria-atomic=\"true\"><\/p> <ul><\/ul><\/div>\n<form action=\"\/ar\/wp-json\/wp\/v2\/pages\/73#wpcf7-f5-o1\"   method=\"post\"   class=\"wpcf7-form init\"   novalidate=\"novalidate\"   data-status=\"init\"  data-trp-original-action=\"\/ar\/wp-json\/wp\/v2\/pages\/73#wpcf7-f5-o1\">\n<div style=\"display: none;\">\n<input type=\"hidden\"   name=\"_wpcf7\"   value=\"5\" \/>\n<input type=\"hidden\"   name=\"_wpcf7_version\"   value=\"5.5.6.1\" \/>\n<input type=\"hidden\"   name=\"_wpcf7_locale\"  value=\"tr_TR\" \/>\n<input type=\"hidden\"   name=\"_wpcf7_unit_tag\"   value=\"wpcf7-f5-o1\" \/>\n<input type=\"hidden\"   name=\"_wpcf7_container_post\" value=\"0\" \/>\n<input type=\"hidden\"   name=\"_wpcf7_posted_data_hash\" value=\"\" \/>\n<\/div>\n<p><label> \u0627\u0644\u0627\u0633\u0645 \u0648\u0627\u0644\u0643\u0646\u064a\u0629<br \/>\n    <span class=\"wpcf7-form-control-wrap your-name\"><input type=\"text\"   name=\"your-name\"   value=\"\"   size=\"40\"   class=\"wpcf7-form-control wpcf7-text wpcf7-validates-as-required\"   aria-required=\"true\"   aria-invalid=\"false\" \/><\/span> <\/label><\/p>\n<p><label> \u0639\u0646\u0648\u0627\u0646 \u0627\u0644\u0628\u0631\u064a\u062f \u0627\u0644\u0627\u0644\u0643\u062a\u0631\u0648\u0646\u064a<br \/>\n    <span class=\"wpcf7-form-control-wrap your-email\"><input type=\"email\"   name=\"your-email\"   value=\"\"   size=\"40\"   class=\"wpcf7-form-control wpcf7-text wpcf7-email wpcf7-validates-as-required wpcf7-validates-as-email\"   aria-required=\"true\"   aria-invalid=\"false\" \/><\/span> <\/label><\/p>\n<p><label> \u0631\u0642\u0645 \u0627\u0644\u0647\u0627\u062a\u0641<br \/>\n    <span class=\"wpcf7-form-control-wrap telefon\"><input type=\"tel\"   name=\"telefon\"   value=\"\"   size=\"40\"   class=\"wpcf7-form-control wpcf7-text wpcf7-tel wpcf7-validates-as-required wpcf7-validates-as-tel\"   aria-required=\"true\"   aria-invalid=\"false\" \/><\/span> <\/label><\/p>\n<p><label> \u0627\u0644\u062e\u062f\u0645\u0629 \u0627\u0644\u062a\u064a \u062a\u0648\u062f \u0627\u0644\u062d\u0635\u0648\u0644 \u0639\u0644\u064a\u0647\u0627<br \/>\n   <span class=\"wpcf7-form-control-wrap menu-529\"><select name=\"menu-529[]\"   class=\"wpcf7-form-control wpcf7-select wpcf7-validates-as-required\"   aria-required=\"true\"   aria-invalid=\"false\"   multiple=\"multiple\"><option value=\"Akupunktur\">\u0627\u0644\u0639\u0644\u0627\u062c \u0639\u0646 \u0637\u0631\u064a\u0642 \u0627\u0644\u063a\u0632 \u0628\u0627\u0644\u0625\u0628\u0631<\/option><option value=\"Alt\u0131n \u0130\u011fne\">\u0627\u0644\u0625\u0628\u0631\u0629 \u0627\u0644\u0630\u0647\u0628\u064a\u0629<\/option><option value=\"Ba\u011f\u0131\u015f\u0131kl\u0131k Sistemi Tedavisi\">\u0639\u0644\u0627\u062c \u0627\u0644\u062c\u0647\u0627\u0632 \u0627\u0644\u0645\u0646\u0627\u0639\u064a<\/option><option value=\"Botox\" >\u0627\u0644\u0628\u0648\u062a\u0648\u0643\u0633<\/option><option value=\"B\u00f6lgesel \u0130ncelme\">\u062a\u062e\u0641\u064a\u0641 \u0627\u0644\u062f\u0647\u0648\u0646 \u0627\u0644\u0645\u0648\u0636\u0639\u064a<\/option><option value=\"Diyabet (\u015eeker) Hastal\u0131\u011f\u0131\">\u062d\u0645\u064a\u0629 (\u0644\u0645\u0631\u0636\u0649 \u0627\u0644\u0633\u0643\u0631)<\/option><option value=\"Dolgu\" >\u0627\u0644\u062d\u0634\u0648<\/option><option value=\"Fitoterapi\">\u0627\u0644\u0639\u0644\u0627\u062c \u0628\u0627\u0644\u0646\u0628\u0627\u062a\u0627\u062a<\/option><option value=\"Fokuslu Ultrason (Ultheraphy)\">\u0634\u062f \u0628\u0627\u0644\u0623\u0634\u0639\u0629<\/option><option value=\"Hipertansiyon\" >\u0627\u0631\u062a\u0641\u0627\u0639 \u0636\u063a\u0637 \u0627\u0644\u062f\u0645<\/option><option value=\"\u0130ple Y\u00fcz Gen\u00e7le\u015ftirme\">\u062a\u062c\u062f\u064a\u062f \u0634\u0628\u0627\u0628 \u0627\u0644\u0648\u062c\u0647 \u0628\u0627\u0644\u062e\u064a\u0648\u0637<\/option><option value=\"Karaci\u011fer Hastal\u0131klar\u0131\">\u0623\u0645\u0631\u0627\u0636 \u0627\u0644\u0643\u0628\u062f<\/option><option value=\"Karbon Peeling\">\u062a\u0642\u0634\u064a\u0631 \u0627\u0644\u0643\u0631\u0628\u0648\u0646<\/option><option value=\"Ki\u015fiye \u00d6zel Beslenme\">\u0627\u0644\u062a\u063a\u0630\u064a\u0629 \u0627\u0644\u0634\u062e\u0635\u064a\u0629<\/option><option value=\"Kupa Terapisi &amp; Hacamat\">\u0627\u0644\u0639\u0644\u0627\u062c \u0628\u0627\u0644\u062d\u062c\u0627\u0645\u0629<\/option><option value=\"Mezoterapi\">\u0627\u0644\u0645\u064a\u0632\u0648\u062b\u064a\u0631\u0627\u0628\u064a<\/option><option value=\"Ozon Terapi\">\u0627\u0644\u0639\u0644\u0627\u062c \u0628\u0627\u0644\u0623\u0648\u0632\u0648\u0646<\/option><option value=\"Radyofrekans\">\u0627\u0644\u0639\u0644\u0627\u062c \u0628\u0645\u0648\u062c\u0627\u062a \u0627\u0644\u0631\u0627\u062f\u064a\u0648<\/option><option value=\"Sel\u00fclit\">\u0627\u0644\u062a\u0631\u0647\u0644\u0627\u062a<\/option><option value=\"T\u0131bbi S\u00fcl\u00fck Tedavisi\">\u0627\u0644\u0639\u0644\u0627\u062c \u0627\u0644\u0637\u0628\u064a \u0628\u0627\u0644\u0639\u0644\u0642<\/option><option value=\"Zay\u0131flama\">\u0625\u0646\u0642\u0627\u0635 \u0627\u0644\u0648\u0632\u0646<\/option><option value=\"Di\u011fer\">\u0622\u062e\u0631<\/option><\/select><\/span> <\/label><\/p>\n<p><label> \u062a\u0627\u0631\u064a\u062e \u0627\u0644\u062d\u062c\u0632<br \/>\n    <span class=\"wpcf7-form-control-wrap date-827\"><input type=\"date\"   name=\"date-827\"   value=\"\"   class=\"wpcf7-form-control wpcf7-date wpcf7-validates-as-required wpcf7-validates-as-date\"   aria-required=\"true\"   aria-invalid=\"false\" \/><\/span><\/label><\/p>\n<p><label> \u0645\u0644\u0627\u062d\u0638\u0627\u062a \u0623\u062e\u0631\u0649 (\u0627\u062e\u062a\u064a\u0627\u0631\u064a)<br \/>\n<span class=\"wpcf7-form-control-wrap your-message\"><textarea name=\"your-message\"   cols=\"40\"   rows=\"10\"   class=\"wpcf7-form-control wpcf7-textarea\"   aria-invalid=\"false\"><\/textarea><\/span><br \/>\n    <\/label><\/p>\n<p><input type=\"submit\"   value=\"\u0637\u0644\u0628 \u0645\u0648\u0639\u062f\"   class=\"wpcf7-form-control has-spinner wpcf7-submit\"   \/><\/p>\n<p style=\"display: none !important;\"><label>&#916;<textarea name=\"_wpcf7_ak_hp_textarea\"   cols=\"45\"   rows=\"8\"   maxlength=\"100\"><\/textarea><\/label><input type=\"hidden\"   id=\"ak_js_1\"   name=\"_wpcf7_ak_js\"   value=\"126\"\/><script>document.getElementById( \"ak_js_1\" ).setAttribute( \"value\", ( new Date() ).getTime() );<\/script><\/p><div class=\"wpcf7-response-output\"   aria-hidden=\"true\"><\/div><input type=\"hidden\"  name=\"trp-form-language\"  value=\"ar\"\/><\/form><\/div><\/div><\/div><div class=\"info-box-small vc_column_container col-md-6\"><div class=\"wpb_wrapper vc_column-inner\"><div class=\"porto-u-heading\"   data-hspacer=\"line_only\"   data-halign=\"right\"   style=\"text-align:right\"><div class=\"porto-u-main-heading\"><h2 style=\"\"  class=\" translation-block\">\u0627\u062a\u0635\u0644 \u0628\u0646\u0627<\/h2><\/div><div class=\"porto-u-sub-heading\"   style=\"\">\u064a\u0645\u0643\u0646\u0643\u0645 \u0627\u0633\u062a\u062e\u062f\u0627\u0645 \u0648\u0633\u0627\u0626\u0644 \u0627\u0644\u0627\u062a\u0635\u0627\u0644 \u0627\u0644\u062a\u0627\u0644\u064a\u0629 \u0644\u0644\u0648\u0635\u0648\u0644 \u0625\u0644\u064a\u0646\u0627<\/div><div class=\"porto-u-heading-spacer line_only\"   style=\"height:1px;\"><span class=\"porto-u-headings-line\"   style=\"border-style:solid;border-bottom-width:1px;border-color:#ccc;width:auto;margin-left: 0\"><\/span><\/div><\/div><h4  class=\"vc_custom_heading align-left heading-dark\"><strong>\u0639\u064a\u0627\u062f\u062a\u0646\u0627<\/strong><\/h4><div class=\"porto-sicon-box style_1 default-icon\" ><div class=\"porto-sicon-header\"  ><p class=\" translation-block\"><strong>\u0627\u0644\u0639\u0646\u0648\u0627\u0646 :<\/strong> Gazi Mustafa Kemal Bulvar\u0131, Fatih Mahallesi, Kurtulu\u015f Life Sitesi 1.Kat No:5 Mezitli \/ Mersin<\/p><\/div> <!-- header --><\/div><!-- porto-sicon-box --><div class=\"porto-sicon-box style_1 default-icon\"><div class=\"porto-sicon-header\" ><p><strong>\u0627\u0644\u0647\u0627\u062a\u0641<\/strong>05077434205<\/p><\/div> <!-- header --><\/div><!-- porto-sicon-box --><div class=\"porto-sicon-box style_1 default-icon\"><div class=\"porto-sicon-header\"  ><p><strong>\u0627\u0644\u0623\u064a\u0645\u064a\u0644<\/strong>: info@meysundonmez.com<\/p><\/div> <!-- header --><\/div><!-- porto-sicon-box --><h4  class=\"vc_custom_heading mt-5 align-left heading-dark translation-block\">\u0633\u0627\u0639\u0627\u062a \u0627\u0644\u0639\u0645\u0644<\/h4><div class=\"porto-sicon-box style_1 default-icon\" ><div class=\"porto-sicon-header\"  ><p>\u0627\u0644\u062c\u0645\u0639\u0629 \u0627\u0644\u0627\u062b\u0646\u064a\u0646 \u00bb 09.00 - 17.00<\/p><\/div> <!-- header --><\/div><!-- porto-sicon-box --><div class=\"porto-sicon-box style_1 default-icon\"><div class=\"porto-sicon-header\" ><p>\u0627\u0644\u0633\u0628\u062a  \u00bb 09.00 - 15.00<\/p><\/div> <!-- header --><\/div><!-- porto-sicon-box --><div class=\"porto-sicon-box style_1 default-icon\"><div class=\"porto-sicon-header\" ><p>\u0644\u0627 \u0646\u0642\u062f\u0645 \u0627\u0644\u062e\u062f\u0645\u0627\u062a \u0641\u064a \u0623\u064a\u0627\u0645 \u0627\u0644\u0623\u062d\u062f<\/p><\/div> <!-- header --><\/div><!-- porto-sicon-box -->\n\t<div class=\"wpb_text_column wpb_content_element\" >\n\t\t<div class=\"wpb_wrapper\">\n\t\t\t<p class=\"lead font-size-lg\">\u0642\u062f \u062a\u0643\u0648\u0646 \u0647\u0646\u0627\u0643 \u062a\u063a\u064a\u064a\u0631\u0627\u062a \u0641\u064a \u0633\u0627\u0639\u0627\u062a \u0627\u0644\u0639\u0645\u0644 \u0644\u062f\u064a\u0646\u0627 \u0645\u0646 \u0648\u0642\u062a \u0644\u0622\u062e\u0631 \u0628\u0633\u0628\u0628 \u0627\u0644\u0648\u0628\u0627\u0621. \u0644\u0630\u0644\u0643\u060c \u064a\u0631\u062c\u0649 \u0627\u0644\u0627\u062a\u0635\u0627\u0644 \u0628\u0646\u0627 \u0639\u0644\u0649 \u0623\u0631\u0642\u0627\u0645 \u0647\u0648\u0627\u062a\u0641\u0646\u0627 \u0642\u0628\u0644 \u0632\u064a\u0627\u0631\u062a\u0643 \u062e\u0627\u0631\u062c \u0623\u0648\u0642\u0627\u062a \u0627\u0644\u0645\u0648\u0639\u062f. \u0646\u062a\u0645\u0646\u0649 \u0644\u0643 \u0623\u064a\u0627\u0645\u064b\u0627 \u0635\u062d\u064a\u0629<\/p>\n\n\t\t<\/div>\n\t<\/div>\n<\/div><\/div><\/div><\/div><\/div>","protected":false},"excerpt":{"rendered":"Randevu Al\u0131nA\u015fa\u011f\u0131daki formu eksiksiz olarak doldurarak randevu talebinizi iletebilirsiniz. Ad\u0131n\u0131z - Soyad\u0131n\u0131z E-Posta adresiniz Telefon Numaran\u0131z Almak istedi\u011finiz hizmet AkupunkturAlt\u0131n \u0130\u011fneBa\u011f\u0131\u015f\u0131kl\u0131k Sistemi TedavisiBotoxB\u00f6lgesel \u0130ncelmeDiyabet (\u015eeker) Hastal\u0131\u011f\u0131DolguFitoterapiFokuslu Ultrason (Ultheraphy)Hipertansiyon\u0130ple Y\u00fcz Gen\u00e7le\u015ftirmeKaraci\u011fer Hastal\u0131klar\u0131Karbon PeelingKi\u015fiye \u00d6zel BeslenmeKupa Terapisi &amp; HacamatMezoterapiOzon TerapiRadyofrekansSel\u00fclitT\u0131bbi S\u00fcl\u00fck TedavisiZay\u0131flamaDi\u011fer Randevu Tarihi Ek notlar\u0131n\u0131z (opsiyonel) &#916;Bize Ula\u015f\u0131nBize ula\u015fmak i\u00e7in a\u015fa\u011f\u0131daki ileti\u015fim ara\u00e7lar\u0131n\u0131 kullanabilirsiniz.Klini\u011fimizAdres: Gazi Mustafa [...]","protected":false},"author":1,"featured_media":0,"parent":0,"menu_order":0,"comment_status":"closed","ping_status":"closed","template":"","meta":{"_mi_skip_tracking":false},"yst_prominent_words":[],"_links":{"self":[{"href":"https:\/\/meysundonmez.com\/ar\/wp-json\/wp\/v2\/pages\/73"}],"collection":[{"href":"https:\/\/meysundonmez.com\/ar\/wp-json\/wp\/v2\/pages"}],"about":[{"href":"https:\/\/meysundonmez.com\/ar\/wp-json\/wp\/v2\/types\/page"}],"author":[{"embeddable":true,"href":"https:\/\/meysundonmez.com\/ar\/wp-json\/wp\/v2\/users\/1"}],"replies":[{"embeddable":true,"href":"https:\/\/meysundonmez.com\/ar\/wp-json\/wp\/v2\/comments?post=73"}],"version-history":[{"count":15,"href":"https:\/\/meysundonmez.com\/ar\/wp-json\/wp\/v2\/pages\/73\/revisions"}],"predecessor-version":[{"id":2613,"href":"https:\/\/meysundonmez.com\/ar\/wp-json\/wp\/v2\/pages\/73\/revisions\/2613"}],"wp:attachment":[{"href":"https:\/\/meysundonmez.com\/ar\/wp-json\/wp\/v2\/media?parent=73"}],"wp:term":[{"taxonomy":"yst_prominent_words","embeddable":true,"href":"https:\/\/meysundonmez.com\/ar\/wp-json\/wp\/v2\/yst_prominent_words?post=73"}],"curies":[{"name":"wp","href":"https:\/\/api.w.org\/{rel}","templated":true}]}}