{"id":2601,"date":"2022-03-28T15:48:00","date_gmt":"2022-03-28T12:48:00","guid":{"rendered":"http:\/\/meysundonmez.com\/?page_id=2601"},"modified":"2022-03-28T15:52:35","modified_gmt":"2022-03-28T12:52:35","slug":"kamera-kayit-metni","status":"publish","type":"page","link":"https:\/\/meysundonmez.com\/ar\/kamera-kayit-metni\/","title":{"rendered":"Kamera Kay\u0131t Metni"},"content":{"rendered":"<div class=\"vc_row wpb_row row\" ><div class=\"vc_column_container col-md-12\"><div class=\"wpb_wrapper vc_column-inner\">\n\t<div class=\"wpb_text_column wpb_content_element\" >\n\t\t<div class=\"wpb_wrapper\">\n\t\t\t<p><strong>UZM. DR. MEYSUN D\u00d6NMEZ \u00d6ZEL MUAYENEHANES\u0130<\/strong><\/p>\n<p><strong>K\u0130\u015e\u0130SEL VER\u0130LER\u0130 KORUMA UYUM PROJES\u0130 KAPSAMINDA G\u00dcVENL\u0130K KAMERALARI HAKKINDA AYDINLATMA METN\u0130<\/strong><\/p>\n<p>Uzm. Dr. Meysun D\u00f6nmez \u00d6zel Muayenehanesi (\u201cMuayenehane\u201d) taraf\u0131ndan yerle\u015fkelerimizin genel i\u00e7 ve d\u0131\u015f alanlar\u0131nda, bina giri\u015f ve \u00e7\u0131k\u0131\u015flar\u0131nda ve gerekli g\u00f6r\u00fclen t\u00fcm lokasyonlarda al\u0131nan kapal\u0131 devre kamera kay\u0131t sistemleri, sadece siz hastalar\u0131m\u0131z\u0131n ve Muayenehane personellerinin g\u00fcvenlikleri a\u00e7\u0131s\u0131ndan amaca uygun olarak kay\u0131t alt\u0131na al\u0131nmakta, ki\u015fisel verileri koruma kapsam\u0131nda getirilen teknik tedbirler ile s\u00fcrekli denetim ve koruma alt\u0131na al\u0131nmaktad\u0131r.<\/p>\n<p>\u0130\u015fbu ayd\u0131nlatma metni \u00e7er\u00e7evesinde ki\u015fisel verilerinizin korunmas\u0131 konusunda daha detayl\u0131 bilgi almak i\u00e7in \u2026\u2026\u2026\u2026\u2026\u2026.. linkinde yer alan Muayenehane Ki\u015fisel Veri Politikas\u0131n\u0131 incelemenizi rica ederiz.<\/p>\n<ol>\n<li><strong>Ki\u015fisel Verilerinizin \u0130\u015flenme Amac\u0131<\/strong><\/li>\n<\/ol>\n<p>6698 say\u0131l\u0131 Ki\u015fisel Verileri Koruma Kanunu\u2019nun 5. maddesinde yer alan h\u00fck\u00fcmler ile beraber 12.maddede yer alan \u201cKi\u015fisel verilerin muhafazas\u0131n\u0131 sa\u011flamak, amac\u0131yla uygun g\u00fcvenlik d\u00fczeyini temin etmeye y\u00f6nelik gerekli her t\u00fcrl\u00fc teknik ve idari tedbirleri almak zorundad\u0131r.\u201d h\u00fckm\u00fc ile kamera kay\u0131tlar\u0131 yap\u0131lmaktad\u0131r. Bu kapsamda gerek Ki\u015fisel Verileri Koruma Kanunu gerekse de g\u00fcvenlik tedbirlerini sa\u011flamak i\u00e7in \u00d6zel G\u00fcvenlik Hizmetlerine Dair Kanun ve ilgili di\u011fer t\u00fcm sair mevzuatlar uyar\u0131nca kamera kayd\u0131 sa\u011flanmaktad\u0131r.<\/p>\n<ol start=\"2\">\n<li><strong>Ki\u015fisel Verilerinizin Aktar\u0131m ve Payla\u015f\u0131m\u0131<\/strong><\/li>\n<\/ol>\n<p>6698 say\u0131l\u0131 Ki\u015fisel Verileri Koruma Kanunu\u2019nun 8. ve 9. Maddeleri uyar\u0131nca ki\u015fisel verileriniz ancak mevzuatta yer alan \u015fartlar\u0131n varl\u0131\u011f\u0131 halinde s\u0131n\u0131rl\u0131 olarak, ama\u00e7lara uygun olarak di\u011fer bir deyi\u015fle siz hastalar\u0131m\u0131z\u0131n hizmet faaliyetlerinden yararlanmas\u0131 ve muayenehanemizin hizmet faaliyetlerini y\u00fcr\u00fctebilmesi ad\u0131na gerekli oldu\u011fu takdirde payla\u015f\u0131m i\u00e7erisinde al\u0131nmaktad\u0131r. Ulusal ve uluslararas\u0131 kanun y\u00fck\u00fcml\u00fcl\u00fcklerinden do\u011fan Muayenehane yetkileri kapsam\u0131nda di\u011fer kamu kurum ve kurulu\u015flar\u0131 ile beraber sadece amaca uygun ve \u00f6l\u00e7\u00fcl\u00fc \u015fekilde veri payla\u015f\u0131mlar\u0131 ger\u00e7ekle\u015ftirilmektedir.<\/p>\n<ol start=\"3\">\n<li><strong>Ki\u015fisel Verilerinizin Korunmas\u0131 \u0130\u00e7in Taraf\u0131m\u0131zca Al\u0131nan Tedbirler<\/strong><\/li>\n<\/ol>\n<p>CCTV di\u011fer bir deyi\u015fle kamera kay\u0131tlar\u0131n\u0131z kanunun \u00f6n g\u00f6rd\u00fc\u011f\u00fc \u015fekilde g\u00fcncellik ilkesine uygun olarak muayenehanemiz nezdinde kay\u0131t alt\u0131na al\u0131nm\u0131\u015f olup, idari ve teknik olarak koruma alt\u0131na al\u0131nm\u0131\u015f olup, sistematik olarak taraf\u0131m\u0131zca denetim alt\u0131nda tutulmaktad\u0131r. \u00d6ncelikle 6698 say\u0131l\u0131 mevzuat\u0131n 11.ve 12. Maddeleri uyar\u0131nca ve bununla beraber t\u00fcm sair mevzuatlar kapsam\u0131nda teknik ara\u00e7lar vas\u0131tas\u0131yla kamera kay\u0131tlar\u0131n\u0131z kay\u0131t alt\u0131nda tutulmakta olup gerekli t\u00fcm tedbirler al\u0131narak veri kay\u0131t sistemine i\u015flenmektedir.<\/p>\n<ol start=\"4\">\n<li><strong>Ki\u015fisel Verisi \u0130\u015flenen Hastalar\u0131m\u0131z\u0131n Haklar\u0131<\/strong><\/li>\n<\/ol>\n<p>Ki\u015fisel verisi i\u015flenen hastalar\u0131m\u0131z\u0131n haklar\u0131 6698 Say\u0131l\u0131 Ki\u015fisel Verileri Koruma Kanunun 11.maddesi uyar\u0131nca belirtilmi\u015ftir;<\/p>\n<p>Herkes, veri sorumlusuna ba\u015fvurarak kendisiyle ilgili;<\/p>\n<ol>\n<li>a) Ki\u015fisel veri i\u015flenip i\u015flenmedi\u011fini \u00f6\u011frenme,<\/li>\n<li>b) Ki\u015fisel verileri i\u015flenmi\u015fse buna ili\u015fkin bilgi talep etme,<\/li>\n<li>c) Ki\u015fisel verilerin i\u015flenme amac\u0131n\u0131 ve bunlar\u0131n amac\u0131na uygun kullan\u0131l\u0131p kullan\u0131lmad\u0131\u011f\u0131n\u0131 \u00f6\u011frenme,<\/li>\n<\/ol>\n<p>\u00e7) Yurt i\u00e7inde veya yurt d\u0131\u015f\u0131nda ki\u015fisel verilerin aktar\u0131ld\u0131\u011f\u0131 \u00fc\u00e7\u00fcnc\u00fc ki\u015fileri bilme,<\/p>\n<ol>\n<li>d) Ki\u015fisel verilerin eksik veya yanl\u0131\u015f i\u015flenmi\u015f olmas\u0131 h\u00e2linde bunlar\u0131n d\u00fczeltilmesini isteme,<\/li>\n<li>e) 7\u2019nci maddede \u00f6ng\u00f6r\u00fclen \u015fartlar \u00e7er\u00e7evesinde ki\u015fisel verilerin silinmesini veya yok edilmesini isteme,<\/li>\n<li>f) (d) ve (e) bentleri uyar\u0131nca yap\u0131lan i\u015flemlerin, ki\u015fisel verilerin aktar\u0131ld\u0131\u011f\u0131 \u00fc\u00e7\u00fcnc\u00fc ki\u015filere bildirilmesini isteme,<\/li>\n<li>g) \u0130\u015flenen verilerin m\u00fcnhas\u0131ran otomatik sistemler vas\u0131tas\u0131yla analiz edilmesi suretiyle ki\u015finin kendisi aleyhine bir sonucun ortaya \u00e7\u0131kmas\u0131na itiraz etme,<\/li>\n<li>\u011f) Ki\u015fisel verilerin kanuna ayk\u0131r\u0131 olarak i\u015flenmesi sebebiyle zarara u\u011framas\u0131 h\u00e2linde zarar\u0131n giderilmesini talep etme haklar\u0131na sahiptir.<\/li>\n<\/ol>\n<p><strong>\u0130lgili Haklar\u0131n\u0131z \u0130le \u0130lgili Ba\u015fvuru Talepleriniz<\/strong><\/p>\n<p>6698 Say\u0131l\u0131 Ki\u015fisel Verileri Koruma Kanunu\u2019nun 13.maddesi uyar\u0131nca bu konudaki taleplerinizi yaz\u0131l\u0131 olarak veya Muayenehane\u2019nin belirledi\u011fi y\u00f6ntemler ile taraf\u0131m\u0131za iletebilirsiniz. Bu \u00e7er\u00e7evede muayenehanemizin belirledi\u011fi y\u00f6ntemler a\u015fa\u011f\u0131da yer almaktad\u0131r.<\/p>\n<p>Ki\u015fisel Verileri Koruma ile ilgili taleplerinizi <a href=\"http:\/\/meysundonmez.com\/wp-content\/uploads\/2022\/03\/basvuru-formu.pdf\">bu linkte<\/a> yer alan ba\u015fvuru formu \u00fczerinden veya kurumumuzdan fiziksel olarak talep edebilece\u011finiz ki\u015fisel verileri koruma formunu g\u00fcvenli elektronik imza ile <a href=\"mailto:meysundr@hotmail.com\">meysundr@hotmail.com<\/a> adresine veya ilgili talebinizi noter arac\u0131l\u0131\u011f\u0131 ile\u00a0 \u201cFatih Mah. Gazi Mustafa Kemal Bulv. Kurtulu\u015f Life. No:627. \u0130\u00e7 Kap\u0131 No:5. Mezitli\/Mersin\u201d adresine talebinizi kimlik bilgileriniz ve talebiniz a\u00e7\u0131k olarak anla\u015f\u0131lacak \u015fekilde g\u00f6nderebilir veya fiziksel olarak elden teslim edebilirsiniz.<\/p>\n\n\t\t<\/div>\n\t<\/div>\n<\/div><\/div><\/div>","protected":false},"excerpt":{"rendered":"UZM. DR. MEYSUN D\u00d6NMEZ \u00d6ZEL MUAYENEHANES\u0130 K\u0130\u015e\u0130SEL VER\u0130LER\u0130 KORUMA UYUM PROJES\u0130 KAPSAMINDA G\u00dcVENL\u0130K KAMERALARI HAKKINDA AYDINLATMA METN\u0130 Uzm. Dr. Meysun D\u00f6nmez \u00d6zel Muayenehanesi (\u201cMuayenehane\u201d) taraf\u0131ndan yerle\u015fkelerimizin genel i\u00e7 ve d\u0131\u015f alanlar\u0131nda, bina giri\u015f ve \u00e7\u0131k\u0131\u015flar\u0131nda ve gerekli g\u00f6r\u00fclen t\u00fcm lokasyonlarda al\u0131nan kapal\u0131 devre kamera kay\u0131t sistemleri, sadece siz hastalar\u0131m\u0131z\u0131n ve Muayenehane personellerinin g\u00fcvenlikleri a\u00e7\u0131s\u0131ndan amaca [...]","protected":false},"author":1,"featured_media":0,"parent":0,"menu_order":0,"comment_status":"closed","ping_status":"closed","template":"","meta":{"_mi_skip_tracking":false},"yst_prominent_words":[],"_links":{"self":[{"href":"https:\/\/meysundonmez.com\/ar\/wp-json\/wp\/v2\/pages\/2601"}],"collection":[{"href":"https:\/\/meysundonmez.com\/ar\/wp-json\/wp\/v2\/pages"}],"about":[{"href":"https:\/\/meysundonmez.com\/ar\/wp-json\/wp\/v2\/types\/page"}],"author":[{"embeddable":true,"href":"https:\/\/meysundonmez.com\/ar\/wp-json\/wp\/v2\/users\/1"}],"replies":[{"embeddable":true,"href":"https:\/\/meysundonmez.com\/ar\/wp-json\/wp\/v2\/comments?post=2601"}],"version-history":[{"count":2,"href":"https:\/\/meysundonmez.com\/ar\/wp-json\/wp\/v2\/pages\/2601\/revisions"}],"predecessor-version":[{"id":2604,"href":"https:\/\/meysundonmez.com\/ar\/wp-json\/wp\/v2\/pages\/2601\/revisions\/2604"}],"wp:attachment":[{"href":"https:\/\/meysundonmez.com\/ar\/wp-json\/wp\/v2\/media?parent=2601"}],"wp:term":[{"taxonomy":"yst_prominent_words","embeddable":true,"href":"https:\/\/meysundonmez.com\/ar\/wp-json\/wp\/v2\/yst_prominent_words?post=2601"}],"curies":[{"name":"wp","href":"https:\/\/api.w.org\/{rel}","templated":true}]}}