{"id":2589,"date":"2022-03-28T15:31:52","date_gmt":"2022-03-28T12:31:52","guid":{"rendered":"http:\/\/meysundonmez.com\/?page_id=2589"},"modified":"2022-03-28T15:34:44","modified_gmt":"2022-03-28T12:34:44","slug":"cerez-politikasi","status":"publish","type":"page","link":"https:\/\/meysundonmez.com\/ar\/cerez-politikasi\/","title":{"rendered":"\u00c7erez Politikas\u0131"},"content":{"rendered":"<div class=\"vc_row wpb_row row\" ><div class=\"vc_column_container col-md-12\"><div class=\"wpb_wrapper vc_column-inner\">\n\t<div class=\"wpb_text_column wpb_content_element\" >\n\t\t<div class=\"wpb_wrapper\">\n\t\t\t<p><strong>UZM. DR. MEYSUN D\u00d6NMEZ \u00d6ZEL MUAYENEHANES\u0130<\/strong><\/p>\n<p><strong>\u00c7EREZLERE \u0130L\u0130\u015eK\u0130N (\u201cCOOKIE\u201d) POL\u0130T\u0130KA<\/strong><\/p>\n<p>\u0130\u015fbu \u00e7erez politikas\u0131 Uzm. Dr. Meysun D\u00f6nmez \u00d6zel Muayenehanesi ve web sitesi arac\u0131l\u0131\u011f\u0131yla ula\u015fmakta oldu\u011funuz internet ortam\u0131nda eri\u015filen hizmetler ve faaliyetler i\u00e7in ge\u00e7erlidir. Taraf\u0131n\u0131zca yap\u0131lan web sitesine ziyaretlerinize ili\u015fkin olarak \u015firketimizin hizmet ve faaliyetlerinin kalitesinin artt\u0131r\u0131lmas\u0131 ve web sitemizin kullan\u0131labilirli\u011fini artt\u0131rmak ad\u0131na baz\u0131 \u00e7erez kullan\u0131mlar\u0131 yap\u0131lmaktad\u0131r.<\/p>\n<ol>\n<li><strong>TANIM<\/strong><\/li>\n<\/ol>\n<ul>\n<li>\u00c7erez (Cookie) Nedir? : \u00c7erez, ziyaret edilen web sitesi taraf\u0131ndan taray\u0131c\u0131lar arac\u0131l\u0131\u011f\u0131yla bilgisayar\u0131n\u0131za veya mobil cihaz\u0131n\u0131za kaydedilen ve veri bar\u0131nd\u0131ran k\u00fc\u00e7\u00fck metin dosyalar\u0131d\u0131r. \u00c7erezler, ziyaret edilen web sitesine ait ge\u00e7mi\u015fin bilgisayar\u0131n\u0131zda veya mobil cihaz\u0131n\u0131zda saklanmas\u0131n\u0131 ve size daha iyi hizmet verebilmek i\u00e7in bir sonraki ziyaretinizde kullan\u0131lmas\u0131n\u0131 ama\u00e7lamaktad\u0131r. \u00c7erezler, ziyaret\u00e7ilerine ili\u015fkin ad, soyad\u0131, kimlik, cinsiyet ve adres gibi ki\u015fisel verileri i\u00e7ermemektedir.<\/li>\n<li>\u00c7erez \u00c7e\u015fitleri Nelerdir ?<\/li>\n<\/ul>\n<table width=\"604\">\n<tbody>\n<tr>\n<td width=\"201\">&nbsp;<\/p>\n<p>Oturum \u00c7erezleri<\/td>\n<td width=\"403\">Web sitesinin ziyaret edildi\u011fi s\u00fcre\u00e7 dahilinde kullan\u0131lan, taray\u0131c\u0131 kapat\u0131ld\u0131ktan sonra silinen ge\u00e7ici \u00e7erezlerdir.<\/td>\n<\/tr>\n<tr>\n<td width=\"201\">&nbsp;<\/p>\n<p>Kal\u0131c\u0131 \u00c7erezler<\/td>\n<td width=\"403\">Web sitesinin ziyaret edildi\u011fi andan itibaren taray\u0131c\u0131 arac\u0131l\u0131\u011f\u0131yla bilgisayar\u0131n\u0131zda veya mobil cihaz\u0131n\u0131zda, taraf\u0131n\u0131zda silininceye veya son kullan\u0131m tarihine kadar depolanan \u00e7erezlerdir.<\/td>\n<\/tr>\n<tr>\n<td width=\"201\">&nbsp;<\/p>\n<p>Zorunlu \u00c7erezler<\/td>\n<td width=\"403\">Web sitesinin verimli ve etkin bir bi\u00e7imde \u00e7al\u0131\u015fabilmesi i\u00e7in, g\u00fcvenlik ve do\u011frulama maksatlar\u0131yla kullan\u0131lan, herhangi bir pazarlama amac\u0131 g\u00fctmeyen \u00e7erezlerdir.<\/td>\n<\/tr>\n<tr>\n<td width=\"201\">&nbsp;<\/p>\n<p>\u0130\u015flevsellik ve Analitik \u00c7erezleri<\/p>\n<p>&nbsp;<\/td>\n<td width=\"403\">Web sitesini ziyaret edenlerin tercihlerinin hat\u0131rlanmas\u0131n\u0131 sa\u011flayan \u00e7erezlerdir. \u00d6rne\u011fin tercih edilen dil se\u00e7ene\u011fi web sitesine yap\u0131lan bir sonraki ziyarette hat\u0131rlanmaktad\u0131r.<\/td>\n<\/tr>\n<tr>\n<td width=\"201\">&nbsp;<\/p>\n<p>Birincil ve \u00dc\u00e7\u00fcnc\u00fc Taraf \u00c7erezleri<\/td>\n<td width=\"403\">Birincil taraf \u00e7erezleri ziyaret edilen site taraf\u0131ndan olu\u015fturulan ve adres \u00e7ubu\u011funda g\u00f6sterilen \u00e7erezlerdir. \u00dc\u00e7\u00fcn\u00fc taraf \u00e7erezleri bir di\u011fer web sitesi taraf\u0131ndan olu\u015fturulan, reklam ve hedef gayesi g\u00fcden \u00e7erezlerdir.<\/td>\n<\/tr>\n<\/tbody>\n<\/table>\n<h1><a name=\"_Toc42877846\"><\/a><strong>2.\u00a0\u00a0\u00a0\u00a0\u00a0\u00a0 <\/strong><strong>\u00c7EREZLER<\/strong><strong>\u0130N Y\u00d6NET\u0130M\u0130<\/strong><\/h1>\n<p>Kullan\u0131lan taray\u0131c\u0131n\u0131z\u0131n \u00e7e\u015fidine g\u00f6re a\u015fa\u011f\u0131daki ad\u0131mlar\u0131 izleyerek, \u00e7erezlere izin verme veya reddetme hakk\u0131 kullan\u0131labilmektedir:<\/p>\n<p><strong>\u00a0<\/strong><strong>Bilgisayar Taray\u0131c\u0131lar\u0131nda \u00c7erezleri Y\u00f6netmek \u0130\u00e7in;<\/strong><\/p>\n<ul>\n<li>\u201cGoogle Chrome -&gt; Ayarlar -&gt; Geli\u015fmi\u015f -&gt; Gizlilik ve G\u00fcvenlik -&gt; Site Ayarlar\u0131 -&gt; \u00c7erezler ve Site Verileri -&gt; Sitelerin \u00e7erez verilerini kaydetmelerine ve okumalar\u0131na izin ver\u201d se\u00e7ene\u011fi ile \u00e7erez y\u00f6netimi ger\u00e7ekle\u015ftirilebilir.<\/li>\n<li>\u201cInternet Explorer -&gt; Ayarlar -&gt; \u0130nternet Se\u00e7enekleri -&gt; Gizlilik -&gt; Geli\u015fmi\u015f ayarlar\u201d men\u00fcs\u00fcnden \u00e7erez y\u00f6netimi ger\u00e7ekle\u015ftirilebilir.<\/li>\n<\/ul>\n<p><strong>\u00a0<\/strong><strong>\u00a0Mobil Cihazlarda \u00c7erezleri Y\u00f6netmek \u0130\u00e7in;<\/strong><\/p>\n<p><strong>Apple Cihazlarda;<\/strong><\/p>\n<ul>\n<li>&#8220;Ayarlar -&gt; Safari -&gt; Ge\u00e7mi\u015fi ve Web Sitesi Verilerini Sil&#8221;\u00a0ad\u0131mlar\u0131 ile \u00e7erez y\u00f6netimi ger\u00e7ekle\u015ftirebilir, tarama ge\u00e7mi\u015fi ve \u00e7erezler temizlenebilir.<\/li>\n<li>&#8220;Ayarlar -&gt; Safari -&gt; \u0130leri D\u00fczey -&gt; Web Sitesi Verileri -&gt; T\u00fcm Web Sitesi Verilerini Sil&#8221;\u00a0ad\u0131mlar\u0131 ile yaln\u0131zca \u00e7erezler silinip ge\u00e7mi\u015f saklanabilir.<\/li>\n<li>&#8220;Safari -&gt;\u00a0 simgesi -&gt; \u00d6zel -&gt; Bitti&#8221;\u00a0ad\u0131mlar\u0131n\u0131 ile \u00f6zel dola\u015f\u0131m\u0131 etkinle\u015ftirilir, web sitesi ziyaretlerine ili\u015fkin ge\u00e7mi\u015f verilerinin saklanmas\u0131 engellenebilir.<\/li>\n<li>&#8220;Ayarlar -&gt; Safari -&gt; T\u00fcm \u00c7erezleri Engelle&#8221;\u00a0ad\u0131mlar\u0131 ile \u00e7erezler engellenebilir.<\/li>\n<\/ul>\n<p><strong>Android Cihazlarda;<\/strong><\/p>\n<ul>\n<li>&#8220;Chrome uygulamas\u0131 -&gt; Ayarlar -&gt; Gizlilik -&gt; Tarama verilerini temizle -&gt; \u00c7erezler, medya lisanslar\u0131 ve site verileri -&gt; Verileri Temizle&#8221;\u00a0se\u00e7ene\u011fi ile \u00e7erezler temizlenebilir.<\/li>\n<li>&#8220;Chrome Uygulamas\u0131 -&gt; Ayarlar -&gt; Site Ayarlar\u0131 -&gt; \u00c7erezler&#8221;\u00a0se\u00e7ene\u011fi ile \u00e7erezler y\u00f6netilebilir.<\/li>\n<\/ul>\n<p>Kal\u0131c\u0131 \u00e7erezlerin veya oturum \u00e7erezlerinin reddedilmesi halinde, web sitesinin ve mobil sitenin kullan\u0131m\u0131na devam edilebilir ancak web sitesinin ve mobil sitenin t\u00fcm i\u015flevlerine eri\u015fim sa\u011flanamayabilir veya eri\u015fim s\u0131n\u0131rl\u0131 olabilir.<\/p>\n\n\t\t<\/div>\n\t<\/div>\n<\/div><\/div><\/div>","protected":false},"excerpt":{"rendered":"UZM. DR. MEYSUN D\u00d6NMEZ \u00d6ZEL MUAYENEHANES\u0130 \u00c7EREZLERE \u0130L\u0130\u015eK\u0130N (\u201cCOOKIE\u201d) POL\u0130T\u0130KA \u0130\u015fbu \u00e7erez politikas\u0131 Uzm. Dr. Meysun D\u00f6nmez \u00d6zel Muayenehanesi ve web sitesi arac\u0131l\u0131\u011f\u0131yla ula\u015fmakta oldu\u011funuz internet ortam\u0131nda eri\u015filen hizmetler ve faaliyetler i\u00e7in ge\u00e7erlidir. Taraf\u0131n\u0131zca yap\u0131lan web sitesine ziyaretlerinize ili\u015fkin olarak \u015firketimizin hizmet ve faaliyetlerinin kalitesinin artt\u0131r\u0131lmas\u0131 ve web sitemizin kullan\u0131labilirli\u011fini artt\u0131rmak ad\u0131na baz\u0131 \u00e7erez kullan\u0131mlar\u0131 [...]","protected":false},"author":1,"featured_media":0,"parent":0,"menu_order":0,"comment_status":"closed","ping_status":"closed","template":"","meta":{"_mi_skip_tracking":false},"yst_prominent_words":[],"_links":{"self":[{"href":"https:\/\/meysundonmez.com\/ar\/wp-json\/wp\/v2\/pages\/2589"}],"collection":[{"href":"https:\/\/meysundonmez.com\/ar\/wp-json\/wp\/v2\/pages"}],"about":[{"href":"https:\/\/meysundonmez.com\/ar\/wp-json\/wp\/v2\/types\/page"}],"author":[{"embeddable":true,"href":"https:\/\/meysundonmez.com\/ar\/wp-json\/wp\/v2\/users\/1"}],"replies":[{"embeddable":true,"href":"https:\/\/meysundonmez.com\/ar\/wp-json\/wp\/v2\/comments?post=2589"}],"version-history":[{"count":1,"href":"https:\/\/meysundonmez.com\/ar\/wp-json\/wp\/v2\/pages\/2589\/revisions"}],"predecessor-version":[{"id":2591,"href":"https:\/\/meysundonmez.com\/ar\/wp-json\/wp\/v2\/pages\/2589\/revisions\/2591"}],"wp:attachment":[{"href":"https:\/\/meysundonmez.com\/ar\/wp-json\/wp\/v2\/media?parent=2589"}],"wp:term":[{"taxonomy":"yst_prominent_words","embeddable":true,"href":"https:\/\/meysundonmez.com\/ar\/wp-json\/wp\/v2\/yst_prominent_words?post=2589"}],"curies":[{"name":"wp","href":"https:\/\/api.w.org\/{rel}","templated":true}]}}