{"id":2581,"date":"2022-01-19T13:23:29","date_gmt":"2022-01-19T10:23:29","guid":{"rendered":"http:\/\/meysundonmez.com\/?page_id=2581"},"modified":"2022-03-28T15:44:11","modified_gmt":"2022-03-28T12:44:11","slug":"kvkk-aydinlatma-metni","status":"publish","type":"page","link":"https:\/\/meysundonmez.com\/ar\/kvkk-aydinlatma-metni\/","title":{"rendered":"\u0646\u0635 \u0642\u0627\u0646\u0648\u0646 \u062d\u0645\u0627\u064a\u0629 \u0627\u0644\u0628\u064a\u0627\u0646\u0627\u062a \u0627\u0644\u0634\u062e\u0635\u064a\u0629"},"content":{"rendered":"<div class=\"vc_row wpb_row row\" ><div class=\"vc_column_container col-md-12\"><div class=\"wpb_wrapper vc_column-inner\">\n\t<div class=\"wpb_text_column wpb_content_element\" >\n\t\t<div class=\"wpb_wrapper\">\n\t\t\t<p><strong>UZM. DR. MEYSUN D\u00d6NMEZ \u00d6ZEL MUAYENEHANES\u0130<\/strong><\/p>\n<p><strong>K\u0130\u015e\u0130SEL VER\u0130LER\u0130N KORUNMASI HAKKINDA AYDINLATMA METN\u0130<\/strong><\/p>\n<p>De\u011ferli Ziyaret\u00e7ilerimiz;<\/p>\n<p>6698 say\u0131l\u0131 Ki\u015fisel Verileri Koruma Kanunu(\u201cKanun\u201d) uyar\u0131nca muayenehanemiz \u00e7al\u0131\u015fanlar\u0131na ve muayenehanemiz ile ba\u011flant\u0131l\u0131 t\u00fcm ki\u015filerin ki\u015fisel verilerinin i\u015flenmesi ve korunmas\u0131 faaliyetlerini kanuna uygun olarak veri i\u015fleme faaliyetini ger\u00e7ekle\u015ftirmekteyiz. Uzm. Dr. Meysun D\u00f6nmez \u00d6zel Muayenehanesi (\u201cMuayenehane\u201d) olarak ki\u015fisel verilerinizi koruma alt\u0131na ald\u0131\u011f\u0131m\u0131z\u0131 ve bu konuda gerekli \u00f6zen y\u00fck\u00fcml\u00fcl\u00fc\u011f\u00fcn\u00fc ger\u00e7ekle\u015ftirerek hasta mahremiyetini en y\u00fcksek d\u00fczeyde koruma alt\u0131na almak ve i\u015fbu ki\u015fisel verileri koruma uyum projesi kapsam\u0131nda taraf\u0131n\u0131za bilgilendirme sa\u011flamak istemekteyiz.<\/p>\n<ol>\n<li><strong>VER\u0130 SORUMLUSU<\/strong><\/li>\n<\/ol>\n<p>6698 say\u0131l\u0131 Ki\u015fisel Verileri Koruma Kanunu uyar\u0131nca Muayenehane olarak, ki\u015fisel verilerin i\u015flenmesinde ba\u015fta ilgili Kanun\u2019un uygun g\u00f6rd\u00fc\u011f\u00fc kapsamda hukuka ve d\u00fcr\u00fcstl\u00fck kurallar\u0131na uygun tutularak ki\u015fisel verilerinizi do\u011fru, g\u00fcncel, a\u00e7\u0131k, belli amaca y\u00f6nelik olarak, i\u015flendi\u011fi amaca ba\u011flant\u0131l\u0131 ve \u00f6l\u00e7\u00fcl\u00fc \u015fekilde, ve ilgili mevzuatta \u00f6ng\u00f6r\u00fclen s\u00fcre kadar muhafaza ederek uygulama alt\u0131na alacak, bununla beraber veri politikas\u0131 gere\u011fince imha, silme, anonimle\u015ftirme kriterlerine de uygun olarak veri i\u015fleme faaliyetlerini ve veri koruma politikas\u0131n\u0131 ger\u00e7ekle\u015ftirecektir.<\/p>\n<ol start=\"2\">\n<li><strong>\u0130\u015eLENEN K\u0130\u015e\u0130SEL VER\u0130LER VE AMA\u00c7<\/strong><\/li>\n<\/ol>\n<p>Muayenehane olarak ki\u015fisel verilerini a\u015fa\u011f\u0131da detayl\u0131 olarak yer alan ama\u00e7lar do\u011frultusunda i\u015flemekteyiz. Ki\u015fisel verileri koruma kanunu uyar\u0131nca genel nitelikli ki\u015fisel verileri koruma ve i\u015fleme ama\u00e7lar\u0131m\u0131z\u0131 \u015fu \u015fekilde s\u0131ralayabiliriz;<\/p>\n<ul>\n<li>Amaca uygun \u015fekilde Muayenehane faaliyetlerini ve hizmetlerini ger\u00e7ekle\u015ftirebilmek,<\/li>\n<li>Gerek otomatik veriler ile, gerek internet ortam\u0131nda, gerekse fiziki dosyalar ile edinilen verilerinizin ilgili belgeler \u00fczerinde d\u00fczenlenmesini sa\u011flamak,<\/li>\n<li>Hastalar\u0131m\u0131z\u0131 ve ziyaret\u00e7ilerimizi genel olarak faaliyetlerimiz ve hizmetlerimiz hakk\u0131nda bilgilendirmek,<\/li>\n<li>Hastalar\u0131m\u0131z\u0131n \u015fikayetlerini \u00f6ncelikle internet ortam\u0131ndan ve\/veya fiziki ortamdan ilgili departmanlara aktar\u0131m sa\u011flayarak \u015fikayetlere en h\u0131zl\u0131 \u015fekilde geri d\u00f6n\u00fc\u015f yap\u0131labilmesini sa\u011flamak,<\/li>\n<li>6698 say\u0131l\u0131 kanun ba\u015fta olmak \u00fczere sair t\u00fcm mevzuatlar gere\u011fi yasal haklar\u0131m\u0131z\u0131 kullanabilmek,<\/li>\n<li>\u0130nternet ortam\u0131 ba\u015fta olmak \u00fczere de\u011ferli hastalar\u0131m\u0131z ve ziyaret\u00e7ilerimizin muayenehanemize olan fiziki ziyaretlerinizi g\u00fcvenlik amac\u0131yla kay\u0131t alt\u0131na alabilmek,<\/li>\n<li>Muayenehanemizi ve sizleri g\u00fcvence alt\u0131na alabilmek ad\u0131na sadece kanunlar\u0131n getirmi\u015f olduklar\u0131 y\u00fck\u00fcml\u00fcl\u00fckler uyar\u0131nca g\u00fcvenlik faaliyetlerini y\u00fcr\u00fctebilmek,<\/li>\n<li>Muayenehanemiz nezdinde yap\u0131lm\u0131\u015f ve yap\u0131lmas\u0131 planlanm\u0131\u015f olan i\u015fe al\u0131m s\u00fcre\u00e7lerini en do\u011fru \u015fekilde takip edebilmek ve geri d\u00f6n\u00fc\u015flerini en sa\u011fl\u0131kl\u0131 \u015fekilde sa\u011flayabilmek,<\/li>\n<li>Hastalar\u0131m\u0131z\u0131n kimlik tespitinin sa\u011flanabilmesi ve t\u0131bbi hizmetin al\u0131nmas\u0131 ad\u0131na hasta takip sistemimiz arac\u0131l\u0131\u011f\u0131yla; T.C kimlik numaran\u0131z, do\u011fum tarihiniz, aile yak\u0131nlar\u0131n\u0131z\u0131n isim bilgileri, telefon numaran\u0131z, adres bilgileriniz al\u0131narak ki\u015fisel verileri koruma alt\u0131na alabilmek ama\u00e7lanmaktad\u0131r.<\/li>\n<\/ul>\n<p>Sizlere en do\u011fru \u015fekilde sa\u011fl\u0131k hizmeti verebilmek ad\u0131na ihtiya\u00e7 duyulmas\u0131 durumunda gerek acil durum kontrol\u00fc sa\u011flayabilmek amac\u0131yla, gerekse taraf\u0131n\u0131zdan al\u0131nan \u00f6zel nitelikli verilerin hastalar\u0131m\u0131z\u0131n tedavi s\u00fcre\u00e7lerinizi takip alt\u0131na al\u0131rken gerekli aksiyonlar\u0131 sa\u011flayabilmek i\u00e7in ilgili verilerin i\u015flenmesini sa\u011flama amac\u0131 g\u00fctmekteyiz. Bu \u00e7er\u00e7evede belirtilen genel nitelikli verilerin haricinde kalan \u00f6zel nitelikli verileriniz muayenehanemizce Kanun\u2019da \u00f6ng\u00f6r\u00fclen maksimumum d\u00fczeyde idari, hukuki ve teknik tedbirleri sa\u011flanarak, sadece amaca y\u00f6nelik olarak \u00f6ng\u00f6r\u00fclen \u015fekilde i\u015flenmektedir. Bu ba\u011flamda \u00f6zel nitelikli veriler Kanunu\u2019nun 6.maddesi uyar\u0131nca \u015fu \u015fekilde tan\u0131mlanm\u0131\u015ft\u0131r; <em>\u201cKi\u015filerin \u0131rk\u0131, etnik k\u00f6keni, siyasi d\u00fc\u015f\u00fcncesi, felsefi inanc\u0131, dini, mezhebi veya di\u011fer inan\u00e7lar\u0131, k\u0131l\u0131k ve k\u0131yafeti, dernek, vak\u0131f ya da sendika \u00fcyeli\u011fi, sa\u011fl\u0131\u011f\u0131, cinsel hayat\u0131, ceza mahk\u00fbmiyeti ve g\u00fcvenlik tedbirleriyle ilgili verileri ile biyometrik ve genetik verileri \u00f6zel nitelikli ki\u015fisel veridir.\u201d<\/em> Muayenehanemizce 6698 say\u0131l\u0131 ki\u015fisel verileri koruma kanunu ba\u015fta olmak \u00fczere ki\u015fisel sa\u011fl\u0131k verilerini koruma alt\u0131na alan t\u00fcm ulusal ve uluslararas\u0131 sair mevzuatlar uyar\u0131nca muayenehameizce i\u015fledi\u011fimiz \u00f6zel nitelikli verileri \u015fu \u015fekilde s\u0131ralayabiliriz;<\/p>\n<ul>\n<li>Muayenehanemizin hizmetlerinden faydalanabilmek ad\u0131na ve \u00f6zel sa\u011fl\u0131k kurumlar\u0131n\u0131n tabi olduklar\u0131 mevzuatlar kapsam\u0131nda ilgili y\u00fck\u00fcml\u00fcl\u00fcklerimizi yerine getirebilmemiz nedeniyle; Hasta takip sistemimiz arac\u0131l\u0131\u011f\u0131yla kan grubunuz, muayene bilgileri, doktorlar\u0131m\u0131z taraf\u0131ndan konulan tan\u0131lar\u0131n\u0131z, laboratuvar taraf\u0131ndan edinilen \u00f6nemli tetkik bilgileriniz, medikal g\u00f6r\u00fcnt\u00fcleme bilgileriniz, t\u0131bbi bilgileriniz, ila\u00e7(e-re\u00e7ete) bilgileriniz ve verilen tedavi taraf\u0131m\u0131zca hasta mahrumiyetini koruma alt\u0131na alarak i\u015flenmektedir,<\/li>\n<li>Hastalar\u0131m\u0131za sunmu\u015f oldu\u011fumuz Muayenehane hizmetlerinden yararlanmas\u0131n\u0131 sa\u011flayacak tedavi ve tahlil sonu\u00e7lar\u0131n\u0131z\u0131 kapsayacak \u015fekilde t\u0131bbi dok\u00fcmanlar\u0131n i\u015flenmesini sa\u011flamak,<\/li>\n<li>Hastalar\u0131m\u0131z ve muayenehanemiz aras\u0131nda akdedilen s\u00f6zle\u015fmelerin ve i\u015fbu s\u00f6zle\u015fmeden do\u011fan bedel kar\u015f\u0131l\u0131\u011f\u0131nda taraf\u0131n\u0131za bildirilecek olan fatura bilgilerinin d\u00fczenlenmesini kontrol alt\u0131na almak,<\/li>\n<li>Ki\u015fisel sa\u011fl\u0131k verilerinin korunmas\u0131 ba\u011flam\u0131nda ba\u015fta 6698 say\u0131l\u0131 Ki\u015fisel Verileri Koruma Kanunu, Ki\u015fisel Sa\u011fl\u0131k Verilerinin \u0130\u015flenmesi ve Mahremiyetinin Sa\u011flanmas\u0131 Hakk\u0131nda Y\u00f6netmelik, Ayd\u0131nlatma Y\u00fck\u00fcml\u00fcl\u00fc\u011f\u00fcn\u00fcn Yerine Getirilmesinde Uyulacak Usul ve Esaslar, \u00d6zel Nitelikli Ki\u015fisel Verilerin \u0130\u015flenmesinde Veri Sorumlular\u0131nca Al\u0131nmas\u0131 Gereken Yeterli \u00d6nlemler\u201d ile ilgili ki\u015fisel verileri koruma kurulunun 31\/01\/2018 tarihli ve 2018\/10 say\u0131l\u0131 karar\u0131 ve hasta haklar\u0131 y\u00f6netmeli\u011fi ile ilgili ulusal ve uluslararas\u0131 sair t\u00fcm mevzuatlar uyar\u0131nca ba\u015fta Sa\u011fl\u0131k Bakanl\u0131\u011f\u0131\u2019n\u0131n ve hasta ve\/veya hastal\u0131k verisi talep eden di\u011fer t\u00fcm kamu kurum ve kurulu\u015flar\u0131n\u0131n; talep ettikleri belgelerin kamu sa\u011fl\u0131\u011f\u0131 ve kamu yarar\u0131 ba\u015fta olmak \u00fczere istenilen ki\u015fisel verilerinin iletilmesini sa\u011flamak,<\/li>\n<li>Hastalar\u0131m\u0131z\u0131n tedavilerini en do\u011fru \u015fekilde takip edebilmek amac\u0131yla Muayenehane i\u00e7 i\u015fleyi\u015finde al\u0131nacak hizmet faaliyetlerini sa\u011flayabilmek ve ilgili Muayenehane y\u00f6netim faaliyetlerinin sizlere verilecek t\u0131bbi hizmetin belirlenmesini kontrol alt\u0131nda tutmak,<\/li>\n<li>Muayenehanemiz taraf\u0131ndan ger\u00e7ekle\u015ftirilen t\u0131bbi muayene ve tetkiklerin devam\u0131nda hastal\u0131\u011f\u0131n ara\u015ft\u0131rmas\u0131n\u0131 sa\u011flamak ve sizlere hastal\u0131kla ilgili olarak ki\u015fisel ileti\u015fim bilgilerinizi kullanmak suretiyle taraf\u0131n\u0131za do\u011fru bilgi sa\u011flayabilmek amac\u0131yla \u00f6zel nitelikli verileriniz i\u015flenmektedir.<\/li>\n<\/ul>\n<ol start=\"3\">\n<li><strong>K\u0130\u015e\u0130SEL VER\u0130LER\u0130 KORUMA Y\u00d6NTEMLER\u0130<\/strong><\/li>\n<\/ol>\n<p>Muayenehane fiziki ve sanal ortamda payla\u015fm\u0131\u015f oldu\u011funuz veriler 6698 say\u0131l\u0131 Ki\u015fisel Verileri Koruma Kanunu uyar\u0131nca \u00f6zel nitelikli verileriniz a\u00e7\u0131k r\u0131zan\u0131z al\u0131narak ve gerekti\u011fi takdirde sadece ilgili Kanun\u2019un \u00f6ng\u00f6rd\u00fc\u011f\u00fc istisnai haller kapsam\u0131nda a\u00e7\u0131k r\u0131zan\u0131z al\u0131nmaks\u0131z\u0131n i\u015flenmektedir. T\u00fcm ki\u015fisel verileriniz kanunun \u00f6n g\u00f6rd\u00fc\u011f\u00fc \u015fekilde g\u00fcncellik ilkesine uygun olarak muayenehanemizce denetim alt\u0131nda tutulmaktad\u0131r. T\u00fcm sair mevzuatlar kapsam\u0131nda gerek kanun uyar\u0131nca gerekse ki\u015fisel verileri koruma kurumunun tebli\u011fleri uyar\u0131nca bir\u00e7ok idari ve teknik ara\u00e7la verileriniz \u00e7e\u015fitli y\u00f6ntemlerle toplanmaktad\u0131r. Siz de\u011ferli hastalar\u0131m\u0131z\u0131n verileri; ulusal ve uluslararas\u0131 mevzuatlarda yer alan g\u00fcvencelerle koruma alt\u0131na alarak s\u00fcrekli bir denetim alt\u0131na alarak sadece amaca uygun olarak i\u015flemekte ve korumaktay\u0131z.<\/p>\n<ol start=\"4\">\n<li><strong>K\u0130\u015e\u0130SEL VER\u0130LER\u0130N\u0130Z\u0130N PAYLA\u015eIMI<\/strong><\/li>\n<\/ol>\n<p>6698 say\u0131l\u0131 Ki\u015fisel Verileri Koruma Kanunumuzun 8. ve 9. Maddeleri uyar\u0131nca ki\u015fisel verileriniz ancak ilgili maddelerde yer alan \u015fartlar\u0131n varl\u0131\u011f\u0131 halinde s\u0131n\u0131rl\u0131 olarak, i\u015fbu ayd\u0131nlatma metnimizin 2.maddesinde yer alan ama\u00e7lara uygun olarak di\u011fer bir deyi\u015fle siz hastalar\u0131m\u0131z\u0131n t\u0131bbi hizmet faaliyetlerinden yararlanmas\u0131 ve muayenehanemizin hizmet faaliyetlerini y\u00fcr\u00fctebilmesi ad\u0131na gerekli oldu\u011fu takdirde payla\u015f\u0131m i\u00e7erisine al\u0131nmaktad\u0131r. Ulusal ve uluslararas\u0131 kanun y\u00fck\u00fcml\u00fcl\u00fcklerinden do\u011fan Muayenehane yetkileri kapsam\u0131nda verileriniz muayenehanemiz hekimleri, kons\u00fcltanlar, sa\u011fl\u0131k hizmet personel ve y\u00f6neticileri, laboratuvarlar ve \u00e7al\u0131\u015fanlar\u0131, eczaneler, sa\u011fl\u0131k bakanl\u0131\u011f\u0131, SGK, Maliye Bakanl\u0131\u011f\u0131, adli s\u00fcre\u00e7lerin varl\u0131\u011f\u0131 halinde adli makamlar ve g\u00f6revlileri, hasta yak\u0131nlar\u0131 ve di\u011fer kamu kurum ve kurulu\u015flar\u0131 ile beraber sadece amaca uygun ve \u00f6l\u00e7\u00fcl\u00fc \u015fekilde mevzuatlar\u0131n \u00f6ng\u00f6rd\u00fc\u011f\u00fc \u015fekilde veri payla\u015f\u0131mlar\u0131 ger\u00e7ekle\u015ftirilmektedir.<\/p>\n<ol start=\"5\">\n<li><strong>HASTALARIMIZIN HAKLARI<\/strong><\/li>\n<\/ol>\n<p>Ki\u015fisel verisi i\u015flenen hastalar\u0131m\u0131z\u0131n haklar\u0131 6698 Say\u0131l\u0131 Ki\u015fisel Verileri Koruma Kanunun 11.maddesi uyar\u0131nca belirtilmi\u015ftir;<\/p>\n<p>Herkes, veri sorumlusuna ba\u015fvurarak kendisiyle ilgili;<\/p>\n<p>a) Ki\u015fisel veri i\u015flenip i\u015flenmedi\u011fini \u00f6\u011frenme,<\/p>\n<p>b) Ki\u015fisel verileri i\u015flenmi\u015fse buna ili\u015fkin bilgi talep etme,<\/p>\n<p>c) Ki\u015fisel verilerin i\u015flenme amac\u0131n\u0131 ve bunlar\u0131n amac\u0131na uygun kullan\u0131l\u0131p kullan\u0131lmad\u0131\u011f\u0131n\u0131 \u00f6\u011frenme,<\/p>\n<p>\u00e7) Yurt i\u00e7inde veya yurt d\u0131\u015f\u0131nda ki\u015fisel verilerin aktar\u0131ld\u0131\u011f\u0131 \u00fc\u00e7\u00fcnc\u00fc ki\u015fileri bilme,<\/p>\n<p>d) Ki\u015fisel verilerin eksik veya yanl\u0131\u015f i\u015flenmi\u015f olmas\u0131 h\u00e2linde bunlar\u0131n d\u00fczeltilmesini isteme,<\/p>\n<p>e) 7\u2019nci maddede \u00f6ng\u00f6r\u00fclen \u015fartlar \u00e7er\u00e7evesinde ki\u015fisel verilerin silinmesini veya yok edilmesini isteme,<\/p>\n<p>f) (d) ve (e) bentleri uyar\u0131nca yap\u0131lan i\u015flemlerin, ki\u015fisel verilerin aktar\u0131ld\u0131\u011f\u0131 \u00fc\u00e7\u00fcnc\u00fc ki\u015filere bildirilmesini isteme,<\/p>\n<p>g) \u0130\u015flenen verilerin m\u00fcnhas\u0131ran otomatik sistemler vas\u0131tas\u0131yla analiz edilmesi suretiyle ki\u015finin kendisi aleyhine bir sonucun ortaya \u00e7\u0131kmas\u0131na itiraz etme,<\/p>\n<p>\u011f) Ki\u015fisel verilerin kanuna ayk\u0131r\u0131 olarak i\u015flenmesi sebebiyle zarara u\u011framas\u0131 h\u00e2linde zarar\u0131n giderilmesini talep etme haklar\u0131na sahiptir.<\/p>\n<ol start=\"6\">\n<li><strong>\u0130LG\u0130L\u0130 HAKLARINIZ \u0130LE \u0130LG\u0130L\u0130 BA\u015eVURU TALEPLER\u0130N\u0130Z<\/strong><\/li>\n<\/ol>\n<p>6698 Say\u0131l\u0131 Ki\u015fisel Verileri Koruma Kanunu\u2019nun 13.maddesi uyar\u0131nca bu konudaki taleplerinizi yaz\u0131l\u0131 olarak ve\/veya Muayenehanemizin belirledi\u011fi y\u00f6ntemler ile taraf\u0131m\u0131za iletebilirsiniz. Bu \u00e7er\u00e7evede muayenehanemizin belirledi\u011fi y\u00f6ntemler a\u015fa\u011f\u0131da yer almaktad\u0131r.<\/p>\n<p>Ki\u015fisel Verileri Koruma ile ilgili taleplerinizi <a href=\"http:\/\/meysundonmez.com\/wp-content\/uploads\/2022\/03\/basvuru-formu.pdf\" target=\"_blank\" rel=\"noopener\">ba\u015fvuru formu<\/a> \u00fczerinden veya kurumumuzdan fiziksel olarak talep edebilece\u011finiz ki\u015fisel verileri koruma formunu g\u00fcvenli elektronik imza ile meysundr@hotmail.com adresine veya ilgili talebinizi noter arac\u0131l\u0131\u011f\u0131 ile\u00a0 \u201cFatih Mah. Gazi Mustafa Kemal Bulv. Kurtulu\u015f Life. No:627. \u0130\u00e7 Kap\u0131 No:5. Mezitli\/Mersin\u201d adresine talebinizi kimlik bilgileriniz ve talebiniz a\u00e7\u0131k olarak anla\u015f\u0131lacak \u015fekilde g\u00f6nderebilir veya fiziksel olarak elden teslim edebilirsiniz.<\/p>\n\n\t\t<\/div>\n\t<\/div>\n<\/div><\/div><\/div>","protected":false},"excerpt":{"rendered":"UZM. DR. MEYSUN D\u00d6NMEZ \u00d6ZEL MUAYENEHANES\u0130 K\u0130\u015e\u0130SEL VER\u0130LER\u0130N KORUNMASI HAKKINDA AYDINLATMA METN\u0130 De\u011ferli Ziyaret\u00e7ilerimiz; 6698 say\u0131l\u0131 Ki\u015fisel Verileri Koruma Kanunu(\u201cKanun\u201d) uyar\u0131nca muayenehanemiz \u00e7al\u0131\u015fanlar\u0131na ve muayenehanemiz ile ba\u011flant\u0131l\u0131 t\u00fcm ki\u015filerin ki\u015fisel verilerinin i\u015flenmesi ve korunmas\u0131 faaliyetlerini kanuna uygun olarak veri i\u015fleme faaliyetini ger\u00e7ekle\u015ftirmekteyiz. Uzm. Dr. Meysun D\u00f6nmez \u00d6zel Muayenehanesi (\u201cMuayenehane\u201d) olarak ki\u015fisel verilerinizi koruma alt\u0131na ald\u0131\u011f\u0131m\u0131z\u0131 [...]","protected":false},"author":1,"featured_media":0,"parent":0,"menu_order":0,"comment_status":"closed","ping_status":"closed","template":"","meta":{"_mi_skip_tracking":false},"yst_prominent_words":[],"_links":{"self":[{"href":"https:\/\/meysundonmez.com\/ar\/wp-json\/wp\/v2\/pages\/2581"}],"collection":[{"href":"https:\/\/meysundonmez.com\/ar\/wp-json\/wp\/v2\/pages"}],"about":[{"href":"https:\/\/meysundonmez.com\/ar\/wp-json\/wp\/v2\/types\/page"}],"author":[{"embeddable":true,"href":"https:\/\/meysundonmez.com\/ar\/wp-json\/wp\/v2\/users\/1"}],"replies":[{"embeddable":true,"href":"https:\/\/meysundonmez.com\/ar\/wp-json\/wp\/v2\/comments?post=2581"}],"version-history":[{"count":4,"href":"https:\/\/meysundonmez.com\/ar\/wp-json\/wp\/v2\/pages\/2581\/revisions"}],"predecessor-version":[{"id":2600,"href":"https:\/\/meysundonmez.com\/ar\/wp-json\/wp\/v2\/pages\/2581\/revisions\/2600"}],"wp:attachment":[{"href":"https:\/\/meysundonmez.com\/ar\/wp-json\/wp\/v2\/media?parent=2581"}],"wp:term":[{"taxonomy":"yst_prominent_words","embeddable":true,"href":"https:\/\/meysundonmez.com\/ar\/wp-json\/wp\/v2\/yst_prominent_words?post=2581"}],"curies":[{"name":"wp","href":"https:\/\/api.w.org\/{rel}","templated":true}]}}